{"id":2202,"date":"2025-04-04T14:43:45","date_gmt":"2025-04-04T14:43:45","guid":{"rendered":"https:\/\/www.ecosmetics.com.br\/lp-produto\/?page_id=2202"},"modified":"2025-04-04T14:45:35","modified_gmt":"2025-04-04T14:45:35","slug":"faq-institucional","status":"publish","type":"page","link":"https:\/\/www.ecosmetics.com.br\/lp-produto\/faq-institucional\/","title":{"rendered":"FAQ Institucional"},"content":{"rendered":"\t\t<div data-elementor-type=\"wp-page\" data-elementor-id=\"2202\" class=\"elementor elementor-2202\" data-elementor-post-type=\"page\">\n\t\t\t\t\t\t<section class=\"elementor-section elementor-top-section elementor-element elementor-element-55a40697 elementor-section-boxed elementor-section-height-default elementor-section-height-default wpr-particle-no wpr-jarallax-no wpr-parallax-no wpr-sticky-section-no wpr-column-slider-no wpr-equal-height-no\" data-id=\"55a40697\" data-element_type=\"section\" data-e-type=\"section\">\n\t\t\t\t\t\t<div class=\"elementor-container elementor-column-gap-default\">\n\t\t\t\t\t<div class=\"elementor-column elementor-col-100 elementor-top-column elementor-element elementor-element-1217bf50\" data-id=\"1217bf50\" data-element_type=\"column\" data-e-type=\"column\">\n\t\t\t<div class=\"elementor-widget-wrap elementor-element-populated\">\n\t\t\t\t\t\t<div class=\"elementor-element elementor-element-45abb91 animated-fast elementor-widget elementor-widget-heading\" data-id=\"45abb91\" data-element_type=\"widget\" data-e-type=\"widget\" data-settings=\"{&quot;_animation&quot;:&quot;none&quot;}\" data-widget_type=\"heading.default\">\n\t\t\t\t<div class=\"elementor-widget-container\">\n\t\t\t\t\t<h2 class=\"elementor-heading-title elementor-size-default\">FAQ ECOSMETICS<\/h2>\t\t\t\t<\/div>\n\t\t\t\t<\/div>\n\t\t\t\t<div class=\"elementor-element elementor-element-98623f2 elementor-widget elementor-widget-elementskit-accordion\" data-id=\"98623f2\" data-element_type=\"widget\" data-e-type=\"widget\" data-settings=\"{&quot;_animation&quot;:&quot;none&quot;}\" data-widget_type=\"elementskit-accordion.default\">\n\t\t\t\t<div class=\"elementor-widget-container\">\n\t\t\t\t\t<div class=\"ekit-wid-con\" >\n        <div class=\"elementskit-accordion accoedion-primary\" id=\"accordion-6a0223a57c01e\">\n\n            \n                <div class=\"elementskit-card \">\n                    <div class=\"elementskit-card-header\" id=\"primaryHeading-0-98623f2\">\n                        <a href=\"#collapse-a648e206a0223a57c01e\" class=\"ekit-accordion--toggler elementskit-btn-link collapsed\" data-ekit-toggle=\"collapse\" data-target=\"#Collapse-a648e206a0223a57c01e\" aria-expanded=\"false\" aria-controls=\"Collapse-a648e206a0223a57c01e\">\n                            \n                            <span class=\"ekit-accordion-title\">A Ecosmetics \u00e9 uma marca brasileira?<\/span>\n\n                            \n                                <div class=\"ekit_accordion_icon_group\">\n                                    <div class=\"ekit_accordion_normal_icon\">\n                                        <!-- Normal Icon -->\n\t\t\t\t\t\t\t\t\t\t<i class=\"icon icon-down-arrow1\"><\/i>                                    <\/div>\n\n                                    <div class=\"ekit_accordion_active_icon\">\n                                        <!-- Active Icon -->\n\t\t\t\t\t\t\t\t\t\t<i class=\"icon icon-up-arrow\"><\/i>                                    <\/div>\n                                <\/div>\n\n                            \n                                                    <\/a>\n                    <\/div>\n\n                    <div id=\"Collapse-a648e206a0223a57c01e\" class=\" collapse\" aria-labelledby=\"primaryHeading-0-98623f2\" data-parent=\"#accordion-6a0223a57c01e\">\n\n                        <div class=\"elementskit-card-body ekit-accordion--content\">\n                            <p><span style=\"font-weight: 400\">Sim. Estamos presentes em mais de 70 pa\u00edses, mas nossa marca foi fundada no Brasil e est\u00e1 estabelecida fisicamente aqui.<\/span><\/p>                        <\/div>\n\n                    <\/div>\n\n                <\/div><!-- .elementskit-card END -->\n\n                \n                <div class=\"elementskit-card \">\n                    <div class=\"elementskit-card-header\" id=\"primaryHeading-1-98623f2\">\n                        <a href=\"#collapse-bc6b0ca6a0223a57c01e\" class=\"ekit-accordion--toggler elementskit-btn-link collapsed\" data-ekit-toggle=\"collapse\" data-target=\"#Collapse-bc6b0ca6a0223a57c01e\" aria-expanded=\"false\" aria-controls=\"Collapse-bc6b0ca6a0223a57c01e\">\n                            \n                            <span class=\"ekit-accordion-title\">Como funciona a produ\u00e7\u00e3o dos cosm\u00e9ticos?<\/span>\n\n                            \n                                <div class=\"ekit_accordion_icon_group\">\n                                    <div class=\"ekit_accordion_normal_icon\">\n                                        <!-- Normal Icon -->\n\t\t\t\t\t\t\t\t\t\t<i class=\"icon icon-down-arrow1\"><\/i>                                    <\/div>\n\n                                    <div class=\"ekit_accordion_active_icon\">\n                                        <!-- Active Icon -->\n\t\t\t\t\t\t\t\t\t\t<i class=\"icon icon-up-arrow\"><\/i>                                    <\/div>\n                                <\/div>\n\n                            \n                                                    <\/a>\n                    <\/div>\n\n                    <div id=\"Collapse-bc6b0ca6a0223a57c01e\" class=\" collapse\" aria-labelledby=\"primaryHeading-1-98623f2\" data-parent=\"#accordion-6a0223a57c01e\">\n\n                        <div class=\"elementskit-card-body ekit-accordion--content\">\n                            <p><span style=\"font-weight: 400\">Possu\u00edmos uma f\u00e1brica pr\u00f3pria em Teixeira de Freitas - BA, com mais de 10.000m\u00b2 e capacidade produtiva de 24 toneladas por dia. <\/span><\/p>                        <\/div>\n\n                    <\/div>\n\n                <\/div><!-- .elementskit-card END -->\n\n                \n                <div class=\"elementskit-card \">\n                    <div class=\"elementskit-card-header\" id=\"primaryHeading-2-98623f2\">\n                        <a href=\"#collapse-8de75b06a0223a57c01e\" class=\"ekit-accordion--toggler elementskit-btn-link collapsed\" data-ekit-toggle=\"collapse\" data-target=\"#Collapse-8de75b06a0223a57c01e\" aria-expanded=\"false\" aria-controls=\"Collapse-8de75b06a0223a57c01e\">\n                            \n                            <span class=\"ekit-accordion-title\">Qual o prazo de entrega dos produtos?<\/span>\n\n                            \n                                <div class=\"ekit_accordion_icon_group\">\n                                    <div class=\"ekit_accordion_normal_icon\">\n                                        <!-- Normal Icon -->\n\t\t\t\t\t\t\t\t\t\t<i class=\"icon icon-down-arrow1\"><\/i>                                    <\/div>\n\n                                    <div class=\"ekit_accordion_active_icon\">\n                                        <!-- Active Icon -->\n\t\t\t\t\t\t\t\t\t\t<i class=\"icon icon-up-arrow\"><\/i>                                    <\/div>\n                                <\/div>\n\n                            \n                                                    <\/a>\n                    <\/div>\n\n                    <div id=\"Collapse-8de75b06a0223a57c01e\" class=\" collapse\" aria-labelledby=\"primaryHeading-2-98623f2\" data-parent=\"#accordion-6a0223a57c01e\">\n\n                        <div class=\"elementskit-card-body ekit-accordion--content\">\n                            <p><span style=\"font-weight: 400\">O prazo varia de acordo com cada localidade, por\u00e9m, possu\u00edmos centros de distribui\u00e7\u00e3o que atuam de forma estrat\u00e9gica para que sua compra chegue o mais r\u00e1pido poss\u00edvel.<\/span><\/p>                        <\/div>\n\n                    <\/div>\n\n                <\/div><!-- .elementskit-card END -->\n\n                \n                <div class=\"elementskit-card \">\n                    <div class=\"elementskit-card-header\" id=\"primaryHeading-3-98623f2\">\n                        <a href=\"#collapse-0d3bec76a0223a57c01e\" class=\"ekit-accordion--toggler elementskit-btn-link collapsed\" data-ekit-toggle=\"collapse\" data-target=\"#Collapse-0d3bec76a0223a57c01e\" aria-expanded=\"false\" aria-controls=\"Collapse-0d3bec76a0223a57c01e\">\n                            \n                            <span class=\"ekit-accordion-title\">Todas as f\u00f3rmulas da Ecosmetics s\u00e3o veganas?<\/span>\n\n                            \n                                <div class=\"ekit_accordion_icon_group\">\n                                    <div class=\"ekit_accordion_normal_icon\">\n                                        <!-- Normal Icon -->\n\t\t\t\t\t\t\t\t\t\t<i class=\"icon icon-down-arrow1\"><\/i>                                    <\/div>\n\n                                    <div class=\"ekit_accordion_active_icon\">\n                                        <!-- Active Icon -->\n\t\t\t\t\t\t\t\t\t\t<i class=\"icon icon-up-arrow\"><\/i>                                    <\/div>\n                                <\/div>\n\n                            \n                                                    <\/a>\n                    <\/div>\n\n                    <div id=\"Collapse-0d3bec76a0223a57c01e\" class=\" collapse\" aria-labelledby=\"primaryHeading-3-98623f2\" data-parent=\"#accordion-6a0223a57c01e\">\n\n                        <div class=\"elementskit-card-body ekit-accordion--content\">\n                            <p><span style=\"font-weight: 400\">95% dos ativos de nossas f\u00f3rmulas s\u00e3o naturais. Priorizamos sempre ativos dos biomas brasileiros e formas de produ\u00e7\u00e3o que cuidem do meio ambiente em primeiro lugar.<\/span><\/p>                        <\/div>\n\n                    <\/div>\n\n                <\/div><!-- .elementskit-card END -->\n\n                \n                <div class=\"elementskit-card \">\n                    <div class=\"elementskit-card-header\" id=\"primaryHeading-4-98623f2\">\n                        <a href=\"#collapse-20a1b8a6a0223a57c01e\" class=\"ekit-accordion--toggler elementskit-btn-link collapsed\" data-ekit-toggle=\"collapse\" data-target=\"#Collapse-20a1b8a6a0223a57c01e\" aria-expanded=\"false\" aria-controls=\"Collapse-20a1b8a6a0223a57c01e\">\n                            \n                            <span class=\"ekit-accordion-title\">Eu n\u00e3o sei qual \u00e9 o meu tipo de cabelo, nem qual produto ele precisa. O que eu fa\u00e7o?<\/span>\n\n                            \n                                <div class=\"ekit_accordion_icon_group\">\n                                    <div class=\"ekit_accordion_normal_icon\">\n                                        <!-- Normal Icon -->\n\t\t\t\t\t\t\t\t\t\t<i class=\"icon icon-down-arrow1\"><\/i>                                    <\/div>\n\n                                    <div class=\"ekit_accordion_active_icon\">\n                                        <!-- Active Icon -->\n\t\t\t\t\t\t\t\t\t\t<i class=\"icon icon-up-arrow\"><\/i>                                    <\/div>\n                                <\/div>\n\n                            \n                                                    <\/a>\n                    <\/div>\n\n                    <div id=\"Collapse-20a1b8a6a0223a57c01e\" class=\" collapse\" aria-labelledby=\"primaryHeading-4-98623f2\" data-parent=\"#accordion-6a0223a57c01e\">\n\n                        <div class=\"elementskit-card-body ekit-accordion--content\">\n                            <p><span style=\"font-weight: 400\">Mande uma mensagem para (27) 98133-0979 e informe suas d\u00favidas! Temos uma equipe de especialistas pronta para te ajudar.<\/span><\/p>                        <\/div>\n\n                    <\/div>\n\n                <\/div><!-- .elementskit-card END -->\n\n                                        <\/div>\n    <\/div>\t\t\t\t<\/div>\n\t\t\t\t<\/div>\n\t\t\t\t\t<\/div>\n\t\t<\/div>\n\t\t\t\t\t<\/div>\n\t\t<\/section>\n\t\t\t\t<\/div>\n\t\t","protected":false},"excerpt":{"rendered":"<p>FAQ ECOSMETICS A Ecosmetics \u00e9 uma marca brasileira? Sim. Estamos presentes em mais de 70 pa\u00edses, mas nossa marca foi fundada no Brasil e est\u00e1 estabelecida fisicamente aqui. Como funciona a produ\u00e7\u00e3o dos cosm\u00e9ticos? Possu\u00edmos uma f\u00e1brica pr\u00f3pria em Teixeira de Freitas &#8211; BA, com mais de 10.000m\u00b2 e capacidade produtiva de 24 toneladas por dia. Qual o prazo de entrega dos produtos? O prazo varia de acordo com cada localidade, por\u00e9m, possu\u00edmos centros de distribui\u00e7\u00e3o que atuam de forma estrat\u00e9gica para que sua compra chegue o mais r\u00e1pido poss\u00edvel. Todas as f\u00f3rmulas da Ecosmetics s\u00e3o veganas? 95% dos ativos de nossas f\u00f3rmulas s\u00e3o naturais. Priorizamos sempre ativos dos biomas brasileiros e formas de produ\u00e7\u00e3o que cuidem do meio ambiente em primeiro lugar. Eu n\u00e3o sei qual \u00e9 o meu tipo de cabelo, nem qual produto ele precisa. O que eu fa\u00e7o? Mande uma mensagem para (27) 98133-0979 e informe suas d\u00favidas! Temos uma equipe de especialistas pronta para te ajudar.<\/p>\n","protected":false},"author":1,"featured_media":0,"parent":0,"menu_order":0,"comment_status":"closed","ping_status":"closed","template":"elementor_canvas","meta":{"footnotes":""},"class_list":["post-2202","page","type-page","status-publish","hentry"],"_links":{"self":[{"href":"https:\/\/www.ecosmetics.com.br\/lp-produto\/wp-json\/wp\/v2\/pages\/2202","targetHints":{"allow":["GET"]}}],"collection":[{"href":"https:\/\/www.ecosmetics.com.br\/lp-produto\/wp-json\/wp\/v2\/pages"}],"about":[{"href":"https:\/\/www.ecosmetics.com.br\/lp-produto\/wp-json\/wp\/v2\/types\/page"}],"author":[{"embeddable":true,"href":"https:\/\/www.ecosmetics.com.br\/lp-produto\/wp-json\/wp\/v2\/users\/1"}],"replies":[{"embeddable":true,"href":"https:\/\/www.ecosmetics.com.br\/lp-produto\/wp-json\/wp\/v2\/comments?post=2202"}],"version-history":[{"count":0,"href":"https:\/\/www.ecosmetics.com.br\/lp-produto\/wp-json\/wp\/v2\/pages\/2202\/revisions"}],"wp:attachment":[{"href":"https:\/\/www.ecosmetics.com.br\/lp-produto\/wp-json\/wp\/v2\/media?parent=2202"}],"curies":[{"name":"wp","href":"https:\/\/api.w.org\/{rel}","templated":true}]}}