{"id":3235,"date":"2025-05-23T18:58:54","date_gmt":"2025-05-23T18:58:54","guid":{"rendered":"https:\/\/www.ecosmetics.com.br\/lp-produto\/?page_id=3235"},"modified":"2025-05-23T19:00:35","modified_gmt":"2025-05-23T19:00:35","slug":"ampola-pos-progressiva-brazilian-keratin-bloco-5","status":"publish","type":"page","link":"https:\/\/www.ecosmetics.com.br\/lp-produto\/ampola-pos-progressiva-brazilian-keratin-bloco-5\/","title":{"rendered":"Ampola P\u00f3s Progressiva Brazilian Keratin- Bloco 5"},"content":{"rendered":"\t\t<div data-elementor-type=\"wp-page\" data-elementor-id=\"3235\" class=\"elementor elementor-3235\" data-elementor-post-type=\"page\">\n\t\t\t\t\t\t<section class=\"elementor-section elementor-top-section elementor-element elementor-element-55a40697 elementor-section-boxed elementor-section-height-default elementor-section-height-default wpr-particle-no wpr-jarallax-no wpr-parallax-no wpr-sticky-section-no wpr-equal-height-no\" data-id=\"55a40697\" data-element_type=\"section\" data-e-type=\"section\">\n\t\t\t\t\t\t<div class=\"elementor-container elementor-column-gap-default\">\n\t\t\t\t\t<div class=\"elementor-column elementor-col-100 elementor-top-column elementor-element elementor-element-1217bf50\" data-id=\"1217bf50\" data-element_type=\"column\" data-e-type=\"column\">\n\t\t\t<div class=\"elementor-widget-wrap elementor-element-populated\">\n\t\t\t\t\t\t<div class=\"elementor-element elementor-element-45abb91 animated-fast elementor-widget elementor-widget-heading\" data-id=\"45abb91\" data-element_type=\"widget\" data-e-type=\"widget\" data-settings=\"{&quot;_animation&quot;:&quot;none&quot;}\" data-widget_type=\"heading.default\">\n\t\t\t\t<div class=\"elementor-widget-container\">\n\t\t\t\t\t<h2 class=\"elementor-heading-title elementor-size-default\">Perguntas Frequentes<\/h2>\t\t\t\t<\/div>\n\t\t\t\t<\/div>\n\t\t\t\t<div class=\"elementor-element elementor-element-98623f2 elementor-widget elementor-widget-elementskit-accordion\" data-id=\"98623f2\" data-element_type=\"widget\" data-e-type=\"widget\" data-settings=\"{&quot;_animation&quot;:&quot;none&quot;}\" data-widget_type=\"elementskit-accordion.default\">\n\t\t\t\t<div class=\"elementor-widget-container\">\n\t\t\t\t\t<div class=\"ekit-wid-con\" >\n        <div class=\"elementskit-accordion accoedion-primary\" id=\"accordion-69ea2c4505db7\">\n\n            \n                <div class=\"elementskit-card \">\n                    <div class=\"elementskit-card-header\" id=\"primaryHeading-0-98623f2\">\n                        <a href=\"#collapse-a648e2069ea2c4505db7\" class=\"ekit-accordion--toggler elementskit-btn-link collapsed\" data-ekit-toggle=\"collapse\" data-target=\"#Collapse-a648e2069ea2c4505db7\" aria-expanded=\"false\" aria-controls=\"Collapse-a648e2069ea2c4505db7\">\n                            \n                            <span class=\"ekit-accordion-title\">Posso usar o kit todos os dias?<\/span>\n\n                            \n                                <div class=\"ekit_accordion_icon_group\">\n                                    <div class=\"ekit_accordion_normal_icon\">\n                                        <!-- Normal Icon -->\n\t\t\t\t\t\t\t\t\t\t<i class=\"icon icon-down-arrow1\"><\/i>                                    <\/div>\n\n                                    <div class=\"ekit_accordion_active_icon\">\n                                        <!-- Active Icon -->\n\t\t\t\t\t\t\t\t\t\t<i class=\"icon icon-up-arrow\"><\/i>                                    <\/div>\n                                <\/div>\n\n                            \n                                                    <\/a>\n                    <\/div>\n\n                    <div id=\"Collapse-a648e2069ea2c4505db7\" class=\" collapse\" aria-labelledby=\"primaryHeading-0-98623f2\" data-parent=\"#accordion-69ea2c4505db7\">\n\n                        <div class=\"elementskit-card-body ekit-accordion--content\">\n                            <p><b>Posso usar o kit todos os dias?<\/b><\/p><p><span style=\"font-weight: 400\">Sim! Os produtos foram desenvolvidos para o uso frequente, promovendo manuten\u00e7\u00e3o di\u00e1ria sem comprometer a estrutura capilar.<\/span><span style=\"font-weight: 400\"><br \/><\/span><\/p>                        <\/div>\n\n                    <\/div>\n\n                <\/div><!-- .elementskit-card END -->\n\n                \n                <div class=\"elementskit-card \">\n                    <div class=\"elementskit-card-header\" id=\"primaryHeading-1-98623f2\">\n                        <a href=\"#collapse-bc6b0ca69ea2c4505db7\" class=\"ekit-accordion--toggler elementskit-btn-link collapsed\" data-ekit-toggle=\"collapse\" data-target=\"#Collapse-bc6b0ca69ea2c4505db7\" aria-expanded=\"false\" aria-controls=\"Collapse-bc6b0ca69ea2c4505db7\">\n                            \n                            <span class=\"ekit-accordion-title\">O kit ajuda a prolongar o efeito da progressiva?<\/span>\n\n                            \n                                <div class=\"ekit_accordion_icon_group\">\n                                    <div class=\"ekit_accordion_normal_icon\">\n                                        <!-- Normal Icon -->\n\t\t\t\t\t\t\t\t\t\t<i class=\"icon icon-down-arrow1\"><\/i>                                    <\/div>\n\n                                    <div class=\"ekit_accordion_active_icon\">\n                                        <!-- Active Icon -->\n\t\t\t\t\t\t\t\t\t\t<i class=\"icon icon-up-arrow\"><\/i>                                    <\/div>\n                                <\/div>\n\n                            \n                                                    <\/a>\n                    <\/div>\n\n                    <div id=\"Collapse-bc6b0ca69ea2c4505db7\" class=\" collapse\" aria-labelledby=\"primaryHeading-1-98623f2\" data-parent=\"#accordion-69ea2c4505db7\">\n\n                        <div class=\"elementskit-card-body ekit-accordion--content\">\n                            <p><span style=\"font-weight: 400\">Sim! Ele preserva o alinhamento dos fios, evita a porosidade e mant\u00e9m o efeito liso por mais tempo.<\/span><span style=\"font-weight: 400\"><br \/><\/span><span style=\"font-weight: 400\"><br \/><\/span><\/p>                        <\/div>\n\n                    <\/div>\n\n                <\/div><!-- .elementskit-card END -->\n\n                \n                <div class=\"elementskit-card \">\n                    <div class=\"elementskit-card-header\" id=\"primaryHeading-2-98623f2\">\n                        <a href=\"#collapse-8de75b069ea2c4505db7\" class=\"ekit-accordion--toggler elementskit-btn-link collapsed\" data-ekit-toggle=\"collapse\" data-target=\"#Collapse-8de75b069ea2c4505db7\" aria-expanded=\"false\" aria-controls=\"Collapse-8de75b069ea2c4505db7\">\n                            \n                            <span class=\"ekit-accordion-title\">Os produtos cont\u00eam sal ou corantes?<\/span>\n\n                            \n                                <div class=\"ekit_accordion_icon_group\">\n                                    <div class=\"ekit_accordion_normal_icon\">\n                                        <!-- Normal Icon -->\n\t\t\t\t\t\t\t\t\t\t<i class=\"icon icon-down-arrow1\"><\/i>                                    <\/div>\n\n                                    <div class=\"ekit_accordion_active_icon\">\n                                        <!-- Active Icon -->\n\t\t\t\t\t\t\t\t\t\t<i class=\"icon icon-up-arrow\"><\/i>                                    <\/div>\n                                <\/div>\n\n                            \n                                                    <\/a>\n                    <\/div>\n\n                    <div id=\"Collapse-8de75b069ea2c4505db7\" class=\" collapse\" aria-labelledby=\"primaryHeading-2-98623f2\" data-parent=\"#accordion-69ea2c4505db7\">\n\n                        <div class=\"elementskit-card-body ekit-accordion--content\">\n                            <p><span style=\"font-weight: 400\">N\u00e3o! Toda a linha foi formulada sem sal e corantes para garantir um tratamento suave e eficaz.<\/span><\/p>                        <\/div>\n\n                    <\/div>\n\n                <\/div><!-- .elementskit-card END -->\n\n                \n                <div class=\"elementskit-card \">\n                    <div class=\"elementskit-card-header\" id=\"primaryHeading-3-98623f2\">\n                        <a href=\"#collapse-c8cc83b69ea2c4505db7\" class=\"ekit-accordion--toggler elementskit-btn-link collapsed\" data-ekit-toggle=\"collapse\" data-target=\"#Collapse-c8cc83b69ea2c4505db7\" aria-expanded=\"false\" aria-controls=\"Collapse-c8cc83b69ea2c4505db7\">\n                            \n                            <span class=\"ekit-accordion-title\">Qual \u00e9 a composi\u00e7\u00e3o completa do produto?<\/span>\n\n                            \n                                <div class=\"ekit_accordion_icon_group\">\n                                    <div class=\"ekit_accordion_normal_icon\">\n                                        <!-- Normal Icon -->\n\t\t\t\t\t\t\t\t\t\t<i class=\"icon icon-down-arrow1\"><\/i>                                    <\/div>\n\n                                    <div class=\"ekit_accordion_active_icon\">\n                                        <!-- Active Icon -->\n\t\t\t\t\t\t\t\t\t\t<i class=\"icon icon-up-arrow\"><\/i>                                    <\/div>\n                                <\/div>\n\n                            \n                                                    <\/a>\n                    <\/div>\n\n                    <div id=\"Collapse-c8cc83b69ea2c4505db7\" class=\" collapse\" aria-labelledby=\"primaryHeading-3-98623f2\" data-parent=\"#accordion-69ea2c4505db7\">\n\n                        <div class=\"elementskit-card-body ekit-accordion--content\">\n                            <p><span style=\"font-weight: 400\">Propilenoglicol, \u00c1lcool Mirist\u00edlico, \u00c1lcool Et\u00edlico, Cloreto de Beentrim\u00f4nio, Cloreto de Cetrim\u00f4nio, Fragr\u00e2ncia, \u00c1gua, \u00c1cido C\u00edtrico, Estearamidopropil Dimetilamina, \u00c1lcool Isoprop\u00edlico, Benzotriazolil Dodecil p-Cresol, Queratina Hidrolisada, Glicerol, Extrato de Cupua\u00e7u, Metilcloroisotiazolinona, Sorbato de Pot\u00e1ssio, Metilisotiazolinona, Benzoato de S\u00f3dio, Edetato de S\u00f3dio, Amil Cinamal, Cumarina, Dextrolimoneno, Geraniol, Linalol.<\/span><span style=\"font-weight: 400\"><br \/><\/span><\/p>                        <\/div>\n\n                    <\/div>\n\n                <\/div><!-- .elementskit-card END -->\n\n                                        <\/div>\n    <\/div>\t\t\t\t<\/div>\n\t\t\t\t<\/div>\n\t\t\t\t\t<\/div>\n\t\t<\/div>\n\t\t\t\t\t<\/div>\n\t\t<\/section>\n\t\t\t\t<\/div>\n\t\t","protected":false},"excerpt":{"rendered":"<p>Perguntas Frequentes Posso usar o kit todos os dias? Posso usar o kit todos os dias? Sim! Os produtos foram desenvolvidos para o uso frequente, promovendo manuten\u00e7\u00e3o di\u00e1ria sem comprometer a estrutura capilar. O kit ajuda a prolongar o efeito da progressiva? Sim! Ele preserva o alinhamento dos fios, evita a porosidade e mant\u00e9m o efeito liso por mais tempo. Os produtos cont\u00eam sal ou corantes? N\u00e3o! Toda a linha foi formulada sem sal e corantes para garantir um tratamento suave e eficaz. Qual \u00e9 a composi\u00e7\u00e3o completa do produto? Propilenoglicol, \u00c1lcool Mirist\u00edlico, \u00c1lcool Et\u00edlico, Cloreto de Beentrim\u00f4nio, Cloreto de Cetrim\u00f4nio, Fragr\u00e2ncia, \u00c1gua, \u00c1cido C\u00edtrico, Estearamidopropil Dimetilamina, \u00c1lcool Isoprop\u00edlico, Benzotriazolil Dodecil p-Cresol, Queratina Hidrolisada, Glicerol, Extrato de Cupua\u00e7u, Metilcloroisotiazolinona, Sorbato de Pot\u00e1ssio, Metilisotiazolinona, Benzoato de S\u00f3dio, Edetato de S\u00f3dio, Amil Cinamal, Cumarina, Dextrolimoneno, Geraniol, Linalol.<\/p>\n","protected":false},"author":1,"featured_media":0,"parent":0,"menu_order":0,"comment_status":"closed","ping_status":"closed","template":"elementor_canvas","meta":{"footnotes":""},"class_list":["post-3235","page","type-page","status-publish","hentry"],"_links":{"self":[{"href":"https:\/\/www.ecosmetics.com.br\/lp-produto\/wp-json\/wp\/v2\/pages\/3235","targetHints":{"allow":["GET"]}}],"collection":[{"href":"https:\/\/www.ecosmetics.com.br\/lp-produto\/wp-json\/wp\/v2\/pages"}],"about":[{"href":"https:\/\/www.ecosmetics.com.br\/lp-produto\/wp-json\/wp\/v2\/types\/page"}],"author":[{"embeddable":true,"href":"https:\/\/www.ecosmetics.com.br\/lp-produto\/wp-json\/wp\/v2\/users\/1"}],"replies":[{"embeddable":true,"href":"https:\/\/www.ecosmetics.com.br\/lp-produto\/wp-json\/wp\/v2\/comments?post=3235"}],"version-history":[{"count":0,"href":"https:\/\/www.ecosmetics.com.br\/lp-produto\/wp-json\/wp\/v2\/pages\/3235\/revisions"}],"wp:attachment":[{"href":"https:\/\/www.ecosmetics.com.br\/lp-produto\/wp-json\/wp\/v2\/media?parent=3235"}],"curies":[{"name":"wp","href":"https:\/\/api.w.org\/{rel}","templated":true}]}}